{"id":69,"date":"2021-03-17T18:08:14","date_gmt":"2021-03-17T18:08:14","guid":{"rendered":"https:\/\/ssmalarmas.com\/tienda\/?page_id=69"},"modified":"2023-01-12T12:52:38","modified_gmt":"2023-01-12T12:52:38","slug":"contacto","status":"publish","type":"page","link":"https:\/\/ssmalarmas.com\/tienda\/contacto\/","title":{"rendered":"Contacto"},"content":{"rendered":"<div id=\"pl-gb69-69d25485620ad\"  class=\"panel-layout\" ><div id=\"pg-gb69-69d25485620ad-0\"  class=\"panel-grid panel-has-style\" ><div class=\"panel-row-style panel-row-style-for-gb69-69d25485620ad-0\" ><div id=\"pgc-gb69-69d25485620ad-0-0\"  class=\"panel-grid-cell\" ><div id=\"panel-gb69-69d25485620ad-0-0-0\" class=\"so-panel widget widget_sow-headline panel-first-child\" data-index=\"0\" ><div\n\t\t\t\n\t\t\tclass=\"so-widget-sow-headline so-widget-sow-headline-default-3473c11aafb8-69\"\n\t\t\t\n\t\t><div class=\"sow-headline-container \">\n\t\t\t\t\t\t\t<h1 class=\"sow-headline\">\n\t\t\t\t\t\tContacto\t\t\t\t\t\t<\/h1>\n\t\t\t\t\t\t\t\t\t\t\t\t<h3 class=\"sow-sub-headline\">\n\t\t\t\t\t\tCont\u00e1ctanos por email, tel\u00e9fono, redes sociales o m\u00e1ndanos un mensaje en el apartado de contacto.\t\t\t\t\t\t<\/h3>\n\t\t\t\t\t\t<\/div>\n<\/div><\/div><div id=\"panel-gb69-69d25485620ad-0-0-1\" class=\"so-panel widget widget_sow-features panel-last-child\" data-index=\"1\" ><div class=\"panel-widget-style panel-widget-style-for-gb69-69d25485620ad-0-0-1\" ><div\n\t\t\t\n\t\t\tclass=\"so-widget-sow-features so-widget-sow-features-default-0115e4b21a7f-69\"\n\t\t\t\n\t\t><ul\n\tclass=\"sow-features-list\n\tsow-features-responsive\">\n\n\t\t\t<li\n\t\t\tclass=\"sow-features-feature sow-icon-container-position-top\"\n\t\t\tstyle=\"display: flex; flex-direction: column; width: calc(33.333% - 25px);\"\n\t\t>\n\t\t\t\n\t\t\t\t\t\t<div\t\t\t\tclass=\"sow-icon-container sow-container-none\"\n\t\t\t\tstyle=\"color: #ffffff; \"\n\t\t\t\t\n\t\t\t\t\t\t\t>\n\t\t\t\t<span class=\"sow-icon-ionicons\" data-sow-icon=\"&#xf2eb;\"\n\t\tstyle=\"font-size: 28px; color: #ffffff\" \n\t\taria-hidden=\"true\"><\/span>\t\t\t<\/div>\n\n\t\t\t<div class=\"textwidget\">\n\t\t\t\t\n\t\t\t\t\n\t\t\t\t\t\t\t\t\t<div class=\"sow-features-feature-text\">\n\t\t\t\t\t<p>formulario@ssmalarmas.com<\/p>\n\t\t\t\t\t<\/div>\n\t\t\t\t\t\t\t\t<\/div>\n\t\t\t\t\t\t\t\t<\/li>\n\n\t\t\t<li\n\t\t\tclass=\"sow-features-feature sow-icon-container-position-top\"\n\t\t\tstyle=\"display: flex; flex-direction: column; width: calc(33.333% - 25px);\"\n\t\t>\n\t\t\t\n\t\t\t\t\t\t<div\t\t\t\tclass=\"sow-icon-container sow-container-none\"\n\t\t\t\tstyle=\"color: #404040; \"\n\t\t\t\t\n\t\t\t\t\t\t\t>\n\t\t\t\t<span class=\"sow-icon-ionicons\" data-sow-icon=\"&#xf4b9;\"\n\t\tstyle=\"font-size: 28px; color: #FFFFFF\" \n\t\taria-hidden=\"true\"><\/span>\t\t\t<\/div>\n\n\t\t\t<div class=\"textwidget\">\n\t\t\t\t\n\t\t\t\t\n\t\t\t\t\t\t\t\t\t<div class=\"sow-features-feature-text\">\n\t\t\t\t\t<p>55 53 71 24 00<\/p>\n\t\t\t\t\t<\/div>\n\t\t\t\t\t\t\t\t<\/div>\n\t\t\t\t\t\t\t\t<\/li>\n\n\t\t\t<li\n\t\t\tclass=\"sow-features-feature sow-icon-container-position-top\"\n\t\t\tstyle=\"display: flex; flex-direction: column; width: calc(33.333% - 25px);\"\n\t\t>\n\t\t\t\n\t\t\t\t\t\t<div\t\t\t\tclass=\"sow-icon-container sow-container-none\"\n\t\t\t\tstyle=\"color: #404040; \"\n\t\t\t\t\n\t\t\t\t\t\t\t>\n\t\t\t\t<span class=\"sow-icon-ionicons\" data-sow-icon=\"&#xf456;\"\n\t\tstyle=\"font-size: 28px; color: #FFFFFF\" \n\t\taria-hidden=\"true\"><\/span>\t\t\t<\/div>\n\n\t\t\t<div class=\"textwidget\">\n\t\t\t\t\n\t\t\t\t\n\t\t\t\t\t\t\t\t\t<div class=\"sow-features-feature-text\">\n\t\t\t\t\t<p>M\u00e9xico, Zona Metropolitana, GDL, MTY<\/p>\n\t\t\t\t\t<\/div>\n\t\t\t\t\t\t\t\t<\/div>\n\t\t\t\t\t\t\t\t<\/li>\n\n\t<\/ul>\n<\/div><\/div><\/div><\/div><\/div><\/div><div id=\"pg-gb69-69d25485620ad-1\"  class=\"panel-grid panel-no-style\" ><div id=\"pgc-gb69-69d25485620ad-1-0\"  class=\"panel-grid-cell\" ><div id=\"panel-gb69-69d25485620ad-1-0-0\" class=\"so-panel widget widget_sow-editor panel-first-child panel-last-child\" data-index=\"2\" ><div\n\t\t\t\n\t\t\tclass=\"so-widget-sow-editor so-widget-sow-editor-base\"\n\t\t\t\n\t\t><h3 class=\"widget-title\">Env\u00edanos un mensaje<\/h3>\n<div class=\"siteorigin-widget-tinymce textwidget\">\n\t\n<div class=\"wpcf7 no-js\" id=\"wpcf7-f5-o1\" lang=\"es-ES\" dir=\"ltr\" data-wpcf7-id=\"5\">\n<div class=\"screen-reader-response\"><p role=\"status\" aria-live=\"polite\" aria-atomic=\"true\"><\/p> <ul><\/ul><\/div>\n<form action=\"\/tienda\/wp-json\/wp\/v2\/pages\/69#wpcf7-f5-o1\" method=\"post\" class=\"wpcf7-form init\" aria-label=\"Formulario de contacto\" novalidate=\"novalidate\" data-status=\"init\">\n<fieldset class=\"hidden-fields-container\"><input type=\"hidden\" name=\"_wpcf7\" value=\"5\" \/><input type=\"hidden\" name=\"_wpcf7_version\" value=\"6.1.5\" \/><input type=\"hidden\" name=\"_wpcf7_locale\" value=\"es_ES\" \/><input type=\"hidden\" name=\"_wpcf7_unit_tag\" value=\"wpcf7-f5-o1\" \/><input type=\"hidden\" name=\"_wpcf7_container_post\" value=\"0\" \/><input type=\"hidden\" name=\"_wpcf7_posted_data_hash\" value=\"\" \/>\n<\/fieldset>\n<p><label> Tu nombre<br \/>\n<span class=\"wpcf7-form-control-wrap\" data-name=\"your-name\"><input size=\"40\" maxlength=\"400\" class=\"wpcf7-form-control wpcf7-text wpcf7-validates-as-required\" aria-required=\"true\" aria-invalid=\"false\" value=\"\" type=\"text\" name=\"your-name\" \/><\/span> <\/label>\n<\/p>\n<p><label> Tu correo electr\u00f3nico<br \/>\n<span class=\"wpcf7-form-control-wrap\" data-name=\"your-email\"><input size=\"40\" maxlength=\"400\" class=\"wpcf7-form-control wpcf7-email wpcf7-validates-as-required wpcf7-text wpcf7-validates-as-email\" aria-required=\"true\" aria-invalid=\"false\" value=\"\" type=\"email\" name=\"your-email\" \/><\/span> <\/label>\n<\/p>\n<p><label> Tel\u00e9fono<br \/>\n<span class=\"wpcf7-form-control-wrap\" data-name=\"tel-875\"><input size=\"40\" maxlength=\"400\" class=\"wpcf7-form-control wpcf7-tel wpcf7-text wpcf7-validates-as-tel\" aria-invalid=\"false\" value=\"\" type=\"tel\" name=\"tel-875\" \/><\/span><\/label>\n<\/p>\n<p><label> Tu mensaje (opcional)<br \/>\n<span class=\"wpcf7-form-control-wrap\" data-name=\"your-message\"><textarea cols=\"40\" rows=\"10\" maxlength=\"2000\" class=\"wpcf7-form-control wpcf7-textarea\" aria-invalid=\"false\" name=\"your-message\"><\/textarea><\/span> <\/label>\n<\/p>\n<p><input class=\"wpcf7-form-control wpcf7-submit has-spinner\" type=\"submit\" value=\"Enviar\" \/>\n<\/p><p style=\"display: none !important;\" class=\"akismet-fields-container\" data-prefix=\"_wpcf7_ak_\"><label>&#916;<textarea name=\"_wpcf7_ak_hp_textarea\" cols=\"45\" rows=\"8\" maxlength=\"100\"><\/textarea><\/label><input type=\"hidden\" id=\"ak_js_1\" name=\"_wpcf7_ak_js\" value=\"189\"\/><script>document.getElementById( \"ak_js_1\" ).setAttribute( \"value\", ( new Date() ).getTime() );<\/script><\/p><div class=\"wpcf7-response-output\" aria-hidden=\"true\"><\/div>\n<\/form>\n<\/div>\n\n<\/div>\n<\/div><\/div><\/div><\/div><div id=\"pg-gb69-69d25485620ad-2\"  class=\"panel-grid panel-has-style\" ><div class=\"panel-row-style panel-row-style-for-gb69-69d25485620ad-2\" ><div id=\"pgc-gb69-69d25485620ad-2-0\"  class=\"panel-grid-cell\" ><div id=\"panel-gb69-69d25485620ad-2-0-0\" class=\"so-panel widget widget_sow-image panel-first-child panel-last-child\" data-index=\"3\" ><div\n\t\t\t\n\t\t\tclass=\"so-widget-sow-image so-widget-sow-image-default-c67d20f9f743-69\"\n\t\t\t\n\t\t>\n<div class=\"sow-image-container\">\n\t\t<img loading=\"lazy\" \n\tsrc=\"https:\/\/i0.wp.com\/ssmalarmas.com\/tienda\/wp-content\/uploads\/2021\/03\/SSMAlarmas_LogoOPIA-2.png?resize=150%2C150&amp;ssl=1\" width=\"150\" height=\"150\" srcset=\"https:\/\/i0.wp.com\/ssmalarmas.com\/tienda\/wp-content\/uploads\/2021\/03\/SSMAlarmas_LogoOPIA-2.png?w=4439&amp;ssl=1 4439w, https:\/\/i0.wp.com\/ssmalarmas.com\/tienda\/wp-content\/uploads\/2021\/03\/SSMAlarmas_LogoOPIA-2.png?resize=800%2C800&amp;ssl=1 800w, https:\/\/i0.wp.com\/ssmalarmas.com\/tienda\/wp-content\/uploads\/2021\/03\/SSMAlarmas_LogoOPIA-2.png?resize=150%2C150&amp;ssl=1 150w, https:\/\/i0.wp.com\/ssmalarmas.com\/tienda\/wp-content\/uploads\/2021\/03\/SSMAlarmas_LogoOPIA-2.png?resize=300%2C300&amp;ssl=1 300w, https:\/\/i0.wp.com\/ssmalarmas.com\/tienda\/wp-content\/uploads\/2021\/03\/SSMAlarmas_LogoOPIA-2.png?resize=1024%2C1024&amp;ssl=1 1024w, https:\/\/i0.wp.com\/ssmalarmas.com\/tienda\/wp-content\/uploads\/2021\/03\/SSMAlarmas_LogoOPIA-2.png?resize=768%2C768&amp;ssl=1 768w, https:\/\/i0.wp.com\/ssmalarmas.com\/tienda\/wp-content\/uploads\/2021\/03\/SSMAlarmas_LogoOPIA-2.png?resize=1536%2C1536&amp;ssl=1 1536w, https:\/\/i0.wp.com\/ssmalarmas.com\/tienda\/wp-content\/uploads\/2021\/03\/SSMAlarmas_LogoOPIA-2.png?resize=2048%2C2048&amp;ssl=1 2048w, https:\/\/i0.wp.com\/ssmalarmas.com\/tienda\/wp-content\/uploads\/2021\/03\/SSMAlarmas_LogoOPIA-2.png?w=3000&amp;ssl=1 3000w\" title=\"sistema de alarmas electronico\" alt=\"sistema de alarmas electronico\" \t\tclass=\"so-widget-image\"\/>\n\t<\/div>\n\n<\/div><\/div><\/div><div id=\"pgc-gb69-69d25485620ad-2-1\"  class=\"panel-grid-cell\" ><div id=\"panel-gb69-69d25485620ad-2-1-0\" class=\"so-panel widget widget_sow-headline panel-first-child\" data-index=\"4\" ><div\n\t\t\t\n\t\t\tclass=\"so-widget-sow-headline so-widget-sow-headline-default-dda6f76485d2-69\"\n\t\t\t\n\t\t><div class=\"sow-headline-container \">\n\t\t\t\t\t\t\t<h3 class=\"sow-headline\">\n\t\t\t\t\t\tCont\u00e1ctanos\t\t\t\t\t\t<\/h3>\n\t\t\t\t\t\t\t\t\t\t\t<div class=\"decoration\">\n\t\t\t\t\t\t<div class=\"decoration-inside\"><\/div>\n\t\t\t\t\t<\/div>\n\t\t\t\t\t<\/div>\n<\/div><\/div><div id=\"panel-gb69-69d25485620ad-2-1-1\" class=\"so-panel widget widget_sow-editor panel-last-child\" data-index=\"5\" ><div class=\"panel-widget-style panel-widget-style-for-gb69-69d25485620ad-2-1-1\" ><div\n\t\t\t\n\t\t\tclass=\"so-widget-sow-editor so-widget-sow-editor-base\"\n\t\t\t\n\t\t>\n<div class=\"siteorigin-widget-tinymce textwidget\">\n\t<ul class=\"menu  vertical  footer-top__menu\">\n<li class=\"footer-top__menu-item\" style=\"text-align: left;\"><a class=\"footer-top__menu-item-anchor\" title=\"Env\u00edanos un correo electr\u00f3nico\" href=\"mailto:formulario@ssmalarmas.com\"><i class=\"far fa-envelope\"><\/i>\u00a0formulario@ssmalarmas.com<\/a><\/li>\n<li class=\"footer-top__menu-item\" style=\"text-align: left;\"><a class=\"footer-top__menu-item-anchor\" title=\"Ll\u00e1manos\" href=\"tel:5553712400\"><i class=\"fas fa-phone\"><\/i>\u00a055 53 71 24 00<\/a><\/li>\n<li class=\"footer-top__menu-item\" style=\"text-align: left;\"><span class=\"footer-top__menu-item-string\"><i class=\"fas fa-map-marker-alt\"><\/i>\u00a0M\u00e9xico, Zona Metropolitana<\/span><\/li>\n<li class=\"footer-top__menu-item\" style=\"text-align: left;\"><span class=\"footer-top__menu-item-string\"><i class=\"far fa-clock\"><\/i>\u00a08:30 am a 6:00 pm<\/span><\/li>\n<\/ul>\n<\/div>\n<\/div><\/div><\/div><\/div><\/div><\/div><div id=\"pg-gb69-69d25485620ad-3\"  class=\"panel-grid panel-has-style\" ><div class=\"panel-row-style panel-row-style-for-gb69-69d25485620ad-3\" ><div id=\"pgc-gb69-69d25485620ad-3-0\"  class=\"panel-grid-cell\" ><div id=\"panel-gb69-69d25485620ad-3-0-0\" class=\"so-panel widget widget_sow-editor panel-first-child panel-last-child\" data-index=\"6\" ><div class=\"panel-widget-style panel-widget-style-for-gb69-69d25485620ad-3-0-0\" ><div\n\t\t\t\n\t\t\tclass=\"so-widget-sow-editor so-widget-sow-editor-base\"\n\t\t\t\n\t\t>\n<div class=\"siteorigin-widget-tinymce textwidget\">\n\t<p><i class=\"far fa-copyright\"><\/i>\u00a0Copyright SSM ALARMAS. Todos los derechos reservados.<\/p>\n<\/div>\n<\/div><\/div><\/div><\/div><div id=\"pgc-gb69-69d25485620ad-3-1\"  class=\"panel-grid-cell\" ><div id=\"panel-gb69-69d25485620ad-3-1-0\" class=\"so-panel widget widget_sow-image panel-first-child panel-last-child\" data-index=\"7\" ><div\n\t\t\t\n\t\t\tclass=\"so-widget-sow-image so-widget-sow-image-default-c67d20f9f743-69\"\n\t\t\t\n\t\t>\n<div class=\"sow-image-container\">\n\t\t<img loading=\"lazy\" \n\tsrc=\"https:\/\/i0.wp.com\/ssmalarmas.com\/tienda\/wp-content\/uploads\/2021\/03\/tienda-en-linea-de-alarmas-de-seguridad.png?resize=150%2C150&amp;ssl=1\" width=\"150\" height=\"150\" srcset=\"https:\/\/i0.wp.com\/ssmalarmas.com\/tienda\/wp-content\/uploads\/2021\/03\/tienda-en-linea-de-alarmas-de-seguridad.png?resize=150%2C150&amp;ssl=1 150w, https:\/\/i0.wp.com\/ssmalarmas.com\/tienda\/wp-content\/uploads\/2021\/03\/tienda-en-linea-de-alarmas-de-seguridad.png?resize=200%2C200&amp;ssl=1 200w, https:\/\/i0.wp.com\/ssmalarmas.com\/tienda\/wp-content\/uploads\/2021\/03\/tienda-en-linea-de-alarmas-de-seguridad.png?zoom=2&amp;resize=150%2C150&amp;ssl=1 300w, https:\/\/i0.wp.com\/ssmalarmas.com\/tienda\/wp-content\/uploads\/2021\/03\/tienda-en-linea-de-alarmas-de-seguridad.png?zoom=3&amp;resize=150%2C150&amp;ssl=1 450w\" title=\"tienda en linea de alarmas de seguridad\" alt=\"tienda en linea de alarmas de seguridad\" \t\tclass=\"so-widget-image\"\/>\n\t<\/div>\n\n<\/div><\/div><\/div><\/div><\/div><\/div>","protected":false},"excerpt":{"rendered":"","protected":false},"author":1,"featured_media":0,"parent":0,"menu_order":0,"comment_status":"closed","ping_status":"closed","template":"","meta":{"nf_dc_page":"","footnotes":""},"class_list":["post-69","page","type-page","status-publish","hentry"],"jetpack_sharing_enabled":true,"_links":{"self":[{"href":"https:\/\/ssmalarmas.com\/tienda\/wp-json\/wp\/v2\/pages\/69","targetHints":{"allow":["GET"]}}],"collection":[{"href":"https:\/\/ssmalarmas.com\/tienda\/wp-json\/wp\/v2\/pages"}],"about":[{"href":"https:\/\/ssmalarmas.com\/tienda\/wp-json\/wp\/v2\/types\/page"}],"author":[{"embeddable":true,"href":"https:\/\/ssmalarmas.com\/tienda\/wp-json\/wp\/v2\/users\/1"}],"replies":[{"embeddable":true,"href":"https:\/\/ssmalarmas.com\/tienda\/wp-json\/wp\/v2\/comments?post=69"}],"version-history":[{"count":5,"href":"https:\/\/ssmalarmas.com\/tienda\/wp-json\/wp\/v2\/pages\/69\/revisions"}],"predecessor-version":[{"id":256,"href":"https:\/\/ssmalarmas.com\/tienda\/wp-json\/wp\/v2\/pages\/69\/revisions\/256"}],"wp:attachment":[{"href":"https:\/\/ssmalarmas.com\/tienda\/wp-json\/wp\/v2\/media?parent=69"}],"curies":[{"name":"wp","href":"https:\/\/api.w.org\/{rel}","templated":true}]}}