{"id":76,"date":"2021-03-17T18:35:47","date_gmt":"2021-03-17T18:35:47","guid":{"rendered":"https:\/\/ssmalarmas.com\/tienda\/?page_id=76"},"modified":"2021-03-30T22:32:57","modified_gmt":"2021-03-30T22:32:57","slug":"cotizacion-en-linea","status":"publish","type":"page","link":"https:\/\/ssmalarmas.com\/tienda\/cotizacion-en-linea\/","title":{"rendered":"Cotizaci\u00f3n en L\u00ednea"},"content":{"rendered":"<div id=\"pl-76\"  class=\"panel-layout\" ><div id=\"pg-76-0\"  class=\"panel-grid panel-no-style\" ><div id=\"pgc-76-0-0\"  class=\"panel-grid-cell\" ><div id=\"panel-76-0-0-0\" class=\"so-panel widget widget_sow-headline panel-first-child\" data-index=\"0\" ><div\n\t\t\t\n\t\t\tclass=\"so-widget-sow-headline so-widget-sow-headline-default-6b52635ceda7-76\"\n\t\t\t\n\t\t><div class=\"sow-headline-container \">\n\t\t\t\t\t\t\t<h1 class=\"sow-headline\">\n\t\t\t\t\t\tSolicitud de propuesta a la medida SSM ALARMAS\t\t\t\t\t\t<\/h1>\n\t\t\t\t\t\t\t\t\t\t\t\t<h3 class=\"sow-sub-headline\">\n\t\t\t\t\t\tPor favor llena este breve cuestionario para que nuestros asesores te manden la mejor propuesta\t\t\t\t\t\t<\/h3>\n\t\t\t\t\t\t<\/div>\n<\/div><\/div><div id=\"panel-76-0-0-1\" class=\"so-panel widget widget_sow-editor panel-last-child\" data-index=\"1\" ><div\n\t\t\t\n\t\t\tclass=\"so-widget-sow-editor so-widget-sow-editor-base\"\n\t\t\t\n\t\t>\n<div class=\"siteorigin-widget-tinymce textwidget\">\n\t\n<div class=\"wpcf7 no-js\" id=\"wpcf7-f79-o1\" lang=\"es-ES\" dir=\"ltr\" data-wpcf7-id=\"79\">\n<div class=\"screen-reader-response\"><p role=\"status\" aria-live=\"polite\" aria-atomic=\"true\"><\/p> <ul><\/ul><\/div>\n<form action=\"\/tienda\/wp-json\/wp\/v2\/pages\/76#wpcf7-f79-o1\" method=\"post\" class=\"wpcf7-form init\" aria-label=\"Formulario de contacto\" novalidate=\"novalidate\" data-status=\"init\">\n<fieldset class=\"hidden-fields-container\"><input type=\"hidden\" name=\"_wpcf7\" value=\"79\" \/><input type=\"hidden\" name=\"_wpcf7_version\" value=\"6.1.5\" \/><input type=\"hidden\" name=\"_wpcf7_locale\" value=\"es_ES\" \/><input type=\"hidden\" name=\"_wpcf7_unit_tag\" value=\"wpcf7-f79-o1\" \/><input type=\"hidden\" name=\"_wpcf7_container_post\" value=\"0\" \/><input type=\"hidden\" name=\"_wpcf7_posted_data_hash\" value=\"\" \/>\n<\/fieldset>\n<center>\n\t<p>\u00bfQu\u00e9 tipo de inmueble tienes? *\n\t<\/p>\n\t<p><span class=\"wpcf7-form-control-wrap\" data-name=\"radio-234\"><span class=\"wpcf7-form-control wpcf7-radio\"><span class=\"wpcf7-list-item first\"><label><input type=\"radio\" name=\"radio-234\" value=\"Departamento\" checked=\"checked\" \/><span class=\"wpcf7-list-item-label\">Departamento<\/span><\/label><\/span><span class=\"wpcf7-list-item\"><label><input type=\"radio\" name=\"radio-234\" value=\"Casa\" \/><span class=\"wpcf7-list-item-label\">Casa<\/span><\/label><\/span><span class=\"wpcf7-list-item\"><label><input type=\"radio\" name=\"radio-234\" value=\"Oficina\" \/><span class=\"wpcf7-list-item-label\">Oficina<\/span><\/label><\/span><span class=\"wpcf7-list-item last\"><label><input type=\"radio\" name=\"radio-234\" value=\"Negocio\" \/><span class=\"wpcf7-list-item-label\">Negocio<\/span><\/label><\/span><\/span><\/span>\n\t<\/p>\n\t<p>\u00bfDe cu\u00e1ntos m2 aproximados es tu inmueble? *\n\t<\/p>\n\t<p><span class=\"wpcf7-form-control-wrap\" data-name=\"radio-587\"><span class=\"wpcf7-form-control wpcf7-radio\"><span class=\"wpcf7-list-item first\"><label><input type=\"radio\" name=\"radio-587\" value=\"0 a 150 (1 - 2 pisos)\" checked=\"checked\" \/><span class=\"wpcf7-list-item-label\">0 a 150 (1 - 2 pisos)<\/span><\/label><\/span><span class=\"wpcf7-list-item\"><label><input type=\"radio\" name=\"radio-587\" value=\"150 a 300 (2 pisos)\" \/><span class=\"wpcf7-list-item-label\">150 a 300 (2 pisos)<\/span><\/label><\/span><span class=\"wpcf7-list-item last\"><label><input type=\"radio\" name=\"radio-587\" value=\"300 a 450 (+ de 2 pisos)\" \/><span class=\"wpcf7-list-item-label\">300 a 450 (+ de 2 pisos)<\/span><\/label><\/span><\/span><\/span>\n\t<\/p>\n\t<p>\u00bfCu\u00e1ntas puertas de acceso al exterior tienes? *\n\t<\/p>\n\t<p><span class=\"wpcf7-form-control-wrap\" data-name=\"radio-712\"><span class=\"wpcf7-form-control wpcf7-radio\"><span class=\"wpcf7-list-item first\"><label><input type=\"radio\" name=\"radio-712\" value=\"1\" checked=\"checked\" \/><span class=\"wpcf7-list-item-label\">1<\/span><\/label><\/span><span class=\"wpcf7-list-item\"><label><input type=\"radio\" name=\"radio-712\" value=\"2\" \/><span class=\"wpcf7-list-item-label\">2<\/span><\/label><\/span><span class=\"wpcf7-list-item\"><label><input type=\"radio\" name=\"radio-712\" value=\"3\" \/><span class=\"wpcf7-list-item-label\">3<\/span><\/label><\/span><span class=\"wpcf7-list-item\"><label><input type=\"radio\" name=\"radio-712\" value=\"4\" \/><span class=\"wpcf7-list-item-label\">4<\/span><\/label><\/span><span class=\"wpcf7-list-item last\"><label><input type=\"radio\" name=\"radio-712\" value=\"5\" \/><span class=\"wpcf7-list-item-label\">5<\/span><\/label><\/span><\/span><\/span>\n\t<\/p>\n\t<p>N\u00famero de \u00e1reas comunes\/habitaciones con varias ventanas o accesos por donde podr\u00edan ingresar *<br \/>\n<span class=\"wpcf7-form-control-wrap\" data-name=\"radio-10\"><span class=\"wpcf7-form-control wpcf7-radio\"><span class=\"wpcf7-list-item first\"><label><input type=\"radio\" name=\"radio-10\" value=\"0\" checked=\"checked\" \/><span class=\"wpcf7-list-item-label\">0<\/span><\/label><\/span><span class=\"wpcf7-list-item\"><label><input type=\"radio\" name=\"radio-10\" value=\"1\" \/><span class=\"wpcf7-list-item-label\">1<\/span><\/label><\/span><span class=\"wpcf7-list-item\"><label><input type=\"radio\" name=\"radio-10\" value=\"2\" \/><span class=\"wpcf7-list-item-label\">2<\/span><\/label><\/span><span class=\"wpcf7-list-item\"><label><input type=\"radio\" name=\"radio-10\" value=\"3\" \/><span class=\"wpcf7-list-item-label\">3<\/span><\/label><\/span><span class=\"wpcf7-list-item\"><label><input type=\"radio\" name=\"radio-10\" value=\"4\" \/><span class=\"wpcf7-list-item-label\">4<\/span><\/label><\/span><span class=\"wpcf7-list-item\"><label><input type=\"radio\" name=\"radio-10\" value=\"5\" \/><span class=\"wpcf7-list-item-label\">5<\/span><\/label><\/span><span class=\"wpcf7-list-item\"><label><input type=\"radio\" name=\"radio-10\" value=\"6\" \/><span class=\"wpcf7-list-item-label\">6<\/span><\/label><\/span><span class=\"wpcf7-list-item last\"><label><input type=\"radio\" name=\"radio-10\" value=\"7\" \/><span class=\"wpcf7-list-item-label\">7<\/span><\/label><\/span><\/span><\/span>\n\t<\/p>\n\t<p>\u00bfCu\u00e1ntas ventanas te gustar\u00eda proteger con dispositivos de detecci\u00f3n de apertura? *\n\t<\/p>\n\t<p><span class=\"wpcf7-form-control-wrap\" data-name=\"radio-195\"><span class=\"wpcf7-form-control wpcf7-radio\"><span class=\"wpcf7-list-item first\"><label><input type=\"radio\" name=\"radio-195\" value=\"0\" checked=\"checked\" \/><span class=\"wpcf7-list-item-label\">0<\/span><\/label><\/span><span class=\"wpcf7-list-item\"><label><input type=\"radio\" name=\"radio-195\" value=\"1\" \/><span class=\"wpcf7-list-item-label\">1<\/span><\/label><\/span><span class=\"wpcf7-list-item\"><label><input type=\"radio\" name=\"radio-195\" value=\"2\" \/><span class=\"wpcf7-list-item-label\">2<\/span><\/label><\/span><span class=\"wpcf7-list-item\"><label><input type=\"radio\" name=\"radio-195\" value=\"3\" \/><span class=\"wpcf7-list-item-label\">3<\/span><\/label><\/span><span class=\"wpcf7-list-item\"><label><input type=\"radio\" name=\"radio-195\" value=\"4\" \/><span class=\"wpcf7-list-item-label\">4<\/span><\/label><\/span><span class=\"wpcf7-list-item\"><label><input type=\"radio\" name=\"radio-195\" value=\"5\" \/><span class=\"wpcf7-list-item-label\">5<\/span><\/label><\/span><span class=\"wpcf7-list-item\"><label><input type=\"radio\" name=\"radio-195\" value=\"6\" \/><span class=\"wpcf7-list-item-label\">6<\/span><\/label><\/span><span class=\"wpcf7-list-item last\"><label><input type=\"radio\" name=\"radio-195\" value=\"7\" \/><span class=\"wpcf7-list-item-label\">7<\/span><\/label><\/span><\/span><\/span>\n\t<\/p>\n\t<p>Email \/ Correo electr\u00f3nico *\n\t<\/p>\n\t<p><span class=\"wpcf7-form-control-wrap\" data-name=\"email-845\"><input size=\"40\" maxlength=\"400\" class=\"wpcf7-form-control wpcf7-email wpcf7-validates-as-required wpcf7-text wpcf7-validates-as-email\" aria-required=\"true\" aria-invalid=\"false\" value=\"\" type=\"email\" name=\"email-845\" \/><\/span>\n\t<\/p>\n\t<p>Nombre *\n\t<\/p>\n\t<p><span class=\"wpcf7-form-control-wrap\" data-name=\"text-968\"><input size=\"40\" maxlength=\"400\" class=\"wpcf7-form-control wpcf7-text wpcf7-validates-as-required\" aria-required=\"true\" aria-invalid=\"false\" value=\"\" type=\"text\" name=\"text-968\" \/><\/span>\n\t<\/p>\n\t<p>Tel\u00e9fono *\n\t<\/p>\n\t<p><span class=\"wpcf7-form-control-wrap\" data-name=\"tel-872\"><input size=\"40\" maxlength=\"400\" class=\"wpcf7-form-control wpcf7-tel wpcf7-validates-as-required wpcf7-text wpcf7-validates-as-tel\" aria-required=\"true\" aria-invalid=\"false\" value=\"\" type=\"tel\" name=\"tel-872\" \/><\/span>\n\t<\/p>\n\t<p><input class=\"wpcf7-form-control wpcf7-submit has-spinner\" type=\"submit\" value=\"Enviar\" \/>\n\t<\/p>\n<\/center><p style=\"display: none !important;\" class=\"akismet-fields-container\" data-prefix=\"_wpcf7_ak_\"><label>&#916;<textarea name=\"_wpcf7_ak_hp_textarea\" cols=\"45\" rows=\"8\" maxlength=\"100\"><\/textarea><\/label><input type=\"hidden\" id=\"ak_js_1\" name=\"_wpcf7_ak_js\" value=\"141\"\/><script>document.getElementById( \"ak_js_1\" ).setAttribute( \"value\", ( new Date() ).getTime() );<\/script><\/p><div class=\"wpcf7-response-output\" aria-hidden=\"true\"><\/div>\n<\/form>\n<\/div>\n\n<\/div>\n<\/div><\/div><\/div><\/div><div id=\"pg-76-1\"  class=\"panel-grid panel-has-style\" ><div class=\"panel-row-style panel-row-style-for-76-1\" ><div id=\"pgc-76-1-0\"  class=\"panel-grid-cell\" ><div id=\"panel-76-1-0-0\" class=\"so-panel widget widget_sow-image panel-first-child panel-last-child\" data-index=\"2\" ><div\n\t\t\t\n\t\t\tclass=\"so-widget-sow-image so-widget-sow-image-default-c67d20f9f743-76\"\n\t\t\t\n\t\t>\n<div class=\"sow-image-container\">\n\t\t<img loading=\"lazy\" \n\tsrc=\"https:\/\/i0.wp.com\/ssmalarmas.com\/tienda\/wp-content\/uploads\/2021\/03\/SSMAlarmas_LogoOPIA-2.png?resize=150%2C150&amp;ssl=1\" width=\"150\" height=\"150\" srcset=\"https:\/\/i0.wp.com\/ssmalarmas.com\/tienda\/wp-content\/uploads\/2021\/03\/SSMAlarmas_LogoOPIA-2.png?w=4439&amp;ssl=1 4439w, https:\/\/i0.wp.com\/ssmalarmas.com\/tienda\/wp-content\/uploads\/2021\/03\/SSMAlarmas_LogoOPIA-2.png?resize=800%2C800&amp;ssl=1 800w, https:\/\/i0.wp.com\/ssmalarmas.com\/tienda\/wp-content\/uploads\/2021\/03\/SSMAlarmas_LogoOPIA-2.png?resize=150%2C150&amp;ssl=1 150w, https:\/\/i0.wp.com\/ssmalarmas.com\/tienda\/wp-content\/uploads\/2021\/03\/SSMAlarmas_LogoOPIA-2.png?resize=300%2C300&amp;ssl=1 300w, https:\/\/i0.wp.com\/ssmalarmas.com\/tienda\/wp-content\/uploads\/2021\/03\/SSMAlarmas_LogoOPIA-2.png?resize=1024%2C1024&amp;ssl=1 1024w, https:\/\/i0.wp.com\/ssmalarmas.com\/tienda\/wp-content\/uploads\/2021\/03\/SSMAlarmas_LogoOPIA-2.png?resize=768%2C768&amp;ssl=1 768w, https:\/\/i0.wp.com\/ssmalarmas.com\/tienda\/wp-content\/uploads\/2021\/03\/SSMAlarmas_LogoOPIA-2.png?resize=1536%2C1536&amp;ssl=1 1536w, https:\/\/i0.wp.com\/ssmalarmas.com\/tienda\/wp-content\/uploads\/2021\/03\/SSMAlarmas_LogoOPIA-2.png?resize=2048%2C2048&amp;ssl=1 2048w, https:\/\/i0.wp.com\/ssmalarmas.com\/tienda\/wp-content\/uploads\/2021\/03\/SSMAlarmas_LogoOPIA-2.png?w=3000&amp;ssl=1 3000w\" title=\"sistema de alarmas electronico\" alt=\"sistema de alarmas electronico\" \t\tclass=\"so-widget-image\"\/>\n\t<\/div>\n\n<\/div><\/div><\/div><div id=\"pgc-76-1-1\"  class=\"panel-grid-cell\" ><div id=\"panel-76-1-1-0\" class=\"so-panel widget widget_sow-headline panel-first-child\" data-index=\"3\" ><div\n\t\t\t\n\t\t\tclass=\"so-widget-sow-headline so-widget-sow-headline-default-dda6f76485d2-76\"\n\t\t\t\n\t\t><div class=\"sow-headline-container \">\n\t\t\t\t\t\t\t<h3 class=\"sow-headline\">\n\t\t\t\t\t\tCont\u00e1ctanos\t\t\t\t\t\t<\/h3>\n\t\t\t\t\t\t\t\t\t\t\t<div class=\"decoration\">\n\t\t\t\t\t\t<div class=\"decoration-inside\"><\/div>\n\t\t\t\t\t<\/div>\n\t\t\t\t\t<\/div>\n<\/div><\/div><div id=\"panel-76-1-1-1\" class=\"so-panel widget widget_sow-editor panel-last-child\" data-index=\"4\" ><div class=\"panel-widget-style panel-widget-style-for-76-1-1-1\" ><div\n\t\t\t\n\t\t\tclass=\"so-widget-sow-editor so-widget-sow-editor-base\"\n\t\t\t\n\t\t>\n<div class=\"siteorigin-widget-tinymce textwidget\">\n\t<ul class=\"menu  vertical  footer-top__menu\">\n<li class=\"footer-top__menu-item\" style=\"text-align: left;\"><a class=\"footer-top__menu-item-anchor\" title=\"Env\u00edanos un correo electr\u00f3nico\" href=\"mailto:formulario@ssmalarmas.com\"><i class=\"far fa-envelope\"><\/i>\u00a0formulario@ssmalarmas.com<\/a><\/li>\n<li class=\"footer-top__menu-item\" style=\"text-align: left;\"><a class=\"footer-top__menu-item-anchor\" title=\"Ll\u00e1manos\" href=\"tel:5553712400\"><i class=\"fas fa-phone\"><\/i>\u00a055 53 71 24 00<\/a><\/li>\n<li class=\"footer-top__menu-item\" style=\"text-align: left;\"><span class=\"footer-top__menu-item-string\"><i class=\"fas fa-map-marker-alt\"><\/i>\u00a0M\u00e9xico, Zona Metropolitana<\/span><\/li>\n<li class=\"footer-top__menu-item\" style=\"text-align: left;\"><span class=\"footer-top__menu-item-string\"><i class=\"far fa-clock\"><\/i>\u00a08:30 am a 6:00 pm<\/span><\/li>\n<\/ul>\n<\/div>\n<\/div><\/div><\/div><\/div><\/div><\/div><div id=\"pg-76-2\"  class=\"panel-grid panel-has-style\" ><div class=\"panel-row-style panel-row-style-for-76-2\" ><div id=\"pgc-76-2-0\"  class=\"panel-grid-cell\" ><div id=\"panel-76-2-0-0\" class=\"so-panel widget widget_sow-editor panel-first-child panel-last-child\" data-index=\"5\" ><div class=\"panel-widget-style panel-widget-style-for-76-2-0-0\" ><div\n\t\t\t\n\t\t\tclass=\"so-widget-sow-editor so-widget-sow-editor-base\"\n\t\t\t\n\t\t>\n<div class=\"siteorigin-widget-tinymce textwidget\">\n\t<p><i class=\"far fa-copyright\"><\/i>\u00a0Copyright SSM ALARMAS. Todos los derechos reservados.<\/p>\n<\/div>\n<\/div><\/div><\/div><\/div><div id=\"pgc-76-2-1\"  class=\"panel-grid-cell\" ><div id=\"panel-76-2-1-0\" class=\"so-panel widget widget_sow-image panel-first-child panel-last-child\" data-index=\"6\" ><div\n\t\t\t\n\t\t\tclass=\"so-widget-sow-image so-widget-sow-image-default-c67d20f9f743-76\"\n\t\t\t\n\t\t>\n<div class=\"sow-image-container\">\n\t\t<img loading=\"lazy\" \n\tsrc=\"https:\/\/i0.wp.com\/ssmalarmas.com\/tienda\/wp-content\/uploads\/2021\/03\/tienda-en-linea-de-alarmas-de-seguridad.png?resize=150%2C150&amp;ssl=1\" width=\"150\" height=\"150\" srcset=\"https:\/\/i0.wp.com\/ssmalarmas.com\/tienda\/wp-content\/uploads\/2021\/03\/tienda-en-linea-de-alarmas-de-seguridad.png?resize=150%2C150&amp;ssl=1 150w, https:\/\/i0.wp.com\/ssmalarmas.com\/tienda\/wp-content\/uploads\/2021\/03\/tienda-en-linea-de-alarmas-de-seguridad.png?resize=200%2C200&amp;ssl=1 200w, https:\/\/i0.wp.com\/ssmalarmas.com\/tienda\/wp-content\/uploads\/2021\/03\/tienda-en-linea-de-alarmas-de-seguridad.png?zoom=2&amp;resize=150%2C150&amp;ssl=1 300w, https:\/\/i0.wp.com\/ssmalarmas.com\/tienda\/wp-content\/uploads\/2021\/03\/tienda-en-linea-de-alarmas-de-seguridad.png?zoom=3&amp;resize=150%2C150&amp;ssl=1 450w\" title=\"tienda en linea de alarmas de seguridad\" alt=\"tienda en linea de alarmas de seguridad\" \t\tclass=\"so-widget-image\"\/>\n\t<\/div>\n\n<\/div><\/div><\/div><\/div><\/div><\/div>","protected":false},"excerpt":{"rendered":"<p>\u00a0formulario@ssmalarmas.com \u00a055 53 71 24 00 \u00a0M\u00e9xico, Zona Metropolitana \u00a08:30 am a 6:00 pm<\/p>\n","protected":false},"author":1,"featured_media":0,"parent":0,"menu_order":0,"comment_status":"closed","ping_status":"closed","template":"","meta":{"nf_dc_page":"","footnotes":""},"class_list":["post-76","page","type-page","status-publish","hentry"],"jetpack_sharing_enabled":true,"_links":{"self":[{"href":"https:\/\/ssmalarmas.com\/tienda\/wp-json\/wp\/v2\/pages\/76","targetHints":{"allow":["GET"]}}],"collection":[{"href":"https:\/\/ssmalarmas.com\/tienda\/wp-json\/wp\/v2\/pages"}],"about":[{"href":"https:\/\/ssmalarmas.com\/tienda\/wp-json\/wp\/v2\/types\/page"}],"author":[{"embeddable":true,"href":"https:\/\/ssmalarmas.com\/tienda\/wp-json\/wp\/v2\/users\/1"}],"replies":[{"embeddable":true,"href":"https:\/\/ssmalarmas.com\/tienda\/wp-json\/wp\/v2\/comments?post=76"}],"version-history":[{"count":7,"href":"https:\/\/ssmalarmas.com\/tienda\/wp-json\/wp\/v2\/pages\/76\/revisions"}],"predecessor-version":[{"id":84,"href":"https:\/\/ssmalarmas.com\/tienda\/wp-json\/wp\/v2\/pages\/76\/revisions\/84"}],"wp:attachment":[{"href":"https:\/\/ssmalarmas.com\/tienda\/wp-json\/wp\/v2\/media?parent=76"}],"curies":[{"name":"wp","href":"https:\/\/api.w.org\/{rel}","templated":true}]}}