{"id":228,"date":"2023-01-09T17:24:08","date_gmt":"2023-01-09T17:24:08","guid":{"rendered":"https:\/\/ssmalarmas.com\/tienda\/?post_type=product&#038;p=228"},"modified":"2023-01-31T20:21:32","modified_gmt":"2023-01-31T20:21:32","slug":"semestre-de-monitoreo","status":"publish","type":"product","link":"https:\/\/ssmalarmas.com\/tienda\/producto\/semestre-de-monitoreo\/","title":{"rendered":"SEMESTRE DE MONITOREO CON EQUIPO B\u00c1SICO SIN COSTO"},"content":{"rendered":"<p>SEMESTRE DE MONITOREO 24\/7<br \/>\nAJAX KIT RESIDENCIAL \u2013 Panel de alarma control mediante aplicaci\u00f3n para smartphone, 1 sensor de movimiento, 2 detectores para puerta o ventana, 1 control remoto y una sirena interior inal\u00e1mbrica. color blanco<\/p>\n<p>Se tiene que firmar contrato OBLIGATORIO de 36 meses con domicilaci\u00f3n de pago subsecuente de monitoreo<\/p>\n<p>S\u00f3lo aplica instalaci\u00f3n y puesta en marcha en Zona metropolitana de CDMX, Estado de M\u00e9xico, Guadalajara y Monterrey<\/p>\n<p>Tiempo de entrega e instalaci\u00f3n de 3 a 4 d\u00edas h\u00e1biles<\/p>\n<p><strong>AL TERMINAR EL PAGO EN MERCADO PAGO POR FAVOR DAR CLICK EN VOLVER AL SITIO PARA TOMAR TUS DATOS Y AGENDAR LA INSTALACI\u00d3N DE SU EQUIPO Y REALIZAR EL CONTRATO DE 36 MESES<\/strong><\/p>\n<p><script src=\"https:\/\/www.mercadopago.com.mx\/integrations\/v1\/web-payment-checkout.js\"\ndata-preference-id=\"381430146-a7080ce2-818d-4be8-b65f-e1ce137fea7e\" data-source=\"button\">\n<\/script><\/p>\n","protected":false},"excerpt":{"rendered":"<p>SEMESTRE DE MONITOREO 24\/7<br \/>\nAJAX KIT RESIDENCIAL \u2013 Panel de alarma control mediante aplicaci\u00f3n para smartphone, 1 sensor de movimiento, 2 detectores para puerta o ventana, 1 control remoto y una sirena interior inal\u00e1mbrica. color blanco<\/p>\n<p>Se tiene que firmar contrato OBLIGATORIO de 36 meses con domicilaci\u00f3n de pago subsecuente de monitoreo<\/p>\n<p>S\u00f3lo aplica instalaci\u00f3n y puesta en marcha en Zona metropolitana de CDMX, Estado de M\u00e9xico, Guadalajara y Monterrey<\/p>\n<p>Tiempo de entrega e instalaci\u00f3n de 3 a 4 d\u00edas h\u00e1biles<\/p>\n<p><strong>AL TERMINAR EL PAGO EN MERCADO PAGO POR FAVOR DAR CLICK EN VOLVER AL SITIO PARA TOMAR TUS DATOS Y AGENDAR LA INSTALACI\u00d3N DE SU EQUIPO Y REALIZAR EL CONTRATO DE 36 MESES<\/strong><\/p>\n<p><script src=\"https:\/\/www.mercadopago.com.mx\/integrations\/v1\/web-payment-checkout.js\"\ndata-preference-id=\"381430146-a7080ce2-818d-4be8-b65f-e1ce137fea7e\" data-source=\"button\">\n<\/script><\/p>\n","protected":false},"featured_media":230,"template":"","meta":{"nf_dc_page":""},"product_brand":[],"product_cat":[16,22],"product_tag":[21,23],"class_list":{"0":"post-228","1":"product","2":"type-product","3":"status-publish","4":"has-post-thumbnail","6":"product_cat-kit-de-alarmas","7":"product_cat-monitoreo","8":"product_tag-ajax","9":"product_tag-ssm","11":"first","12":"instock","13":"taxable","14":"shipping-taxable","15":"purchasable","16":"product-type-simple"},"jetpack_sharing_enabled":true,"_links":{"self":[{"href":"https:\/\/ssmalarmas.com\/tienda\/wp-json\/wp\/v2\/product\/228","targetHints":{"allow":["GET"]}}],"collection":[{"href":"https:\/\/ssmalarmas.com\/tienda\/wp-json\/wp\/v2\/product"}],"about":[{"href":"https:\/\/ssmalarmas.com\/tienda\/wp-json\/wp\/v2\/types\/product"}],"wp:featuredmedia":[{"embeddable":true,"href":"https:\/\/ssmalarmas.com\/tienda\/wp-json\/wp\/v2\/media\/230"}],"wp:attachment":[{"href":"https:\/\/ssmalarmas.com\/tienda\/wp-json\/wp\/v2\/media?parent=228"}],"wp:term":[{"taxonomy":"product_brand","embeddable":true,"href":"https:\/\/ssmalarmas.com\/tienda\/wp-json\/wp\/v2\/product_brand?post=228"},{"taxonomy":"product_cat","embeddable":true,"href":"https:\/\/ssmalarmas.com\/tienda\/wp-json\/wp\/v2\/product_cat?post=228"},{"taxonomy":"product_tag","embeddable":true,"href":"https:\/\/ssmalarmas.com\/tienda\/wp-json\/wp\/v2\/product_tag?post=228"}],"curies":[{"name":"wp","href":"https:\/\/api.w.org\/{rel}","templated":true}]}}